{"id":11,"date":"2016-09-24T08:42:18","date_gmt":"2016-09-24T08:42:18","guid":{"rendered":"https:\/\/gesalbania.com\/?page_id=11"},"modified":"2022-05-28T22:17:00","modified_gmt":"2022-05-28T22:17:00","slug":"contact-us","status":"publish","type":"page","link":"https:\/\/gesalbania.com\/sq\/contact-us\/","title":{"rendered":"Kontakt"},"content":{"rendered":"<div data-vc-full-width=\"true\" data-vc-full-width-init=\"false\" class=\"vc_row wpb_row vc_row-fluid contact-section1 vc_custom_1468649891694\"><div class=\"wpb_column vc_column_container vc_col-sm-12\"><div class=\"vc_column-inner\"><div class=\"wpb_wrapper\"><h2 style=\"text-align: center\" class=\"vc_custom_heading\" >Na kontaktoni p\u00ebr \u00e7do pyetje<\/h2>\r\n\t<div class=\"wpb_text_column wpb_content_element  vc_custom_1633530396049\"  >\r\n\t\t<div class=\"wpb_wrapper\">\r\n\t\t\t\r\n\t\t<\/div>\r\n\t<\/div>\r\n<div class=\"ult-spacer spacer-69fb0769252a4\" data-id=\"69fb0769252a4\" data-height=\"20\" data-height-mobile=\"20\" data-height-tab=\"20\" data-height-tab-portrait=\"\" data-height-mobile-landscape=\"\" style=\"clear:both;display:block;\"><\/div><div class=\"vc_row wpb_row vc_inner vc_row-fluid vc_custom_1475734366257\"><div class=\"wpb_column vc_column_container vc_col-sm-3\"><div class=\"vc_column-inner\"><div class=\"wpb_wrapper\"><div class='dt-sc-contact-info type2'><span class='fa fa-map-marker'> <\/span><h6>Adres\u00eb<\/h6>Rruga Hoxha Tahsin, Pallati Vjero, Shkalla C<\/div><\/div><\/div><\/div><div class=\"wpb_column vc_column_container vc_col-sm-3\"><div class=\"vc_column-inner\"><div class=\"wpb_wrapper\"><div class='dt-sc-contact-info type2'><span class='fa fa-envelope'> <\/span><h6>Kontaktoni<\/h6>info@gesalbania.com<\/div><\/div><\/div><\/div><div class=\"wpb_column vc_column_container vc_col-sm-3\"><div class=\"vc_column-inner\"><div class=\"wpb_wrapper\"><div class='dt-sc-contact-info type2'><span class='fa fa-phone'> <\/span><h6>Telefon<\/h6><p class=\"service-heading\">+355 67 60 11 128<\/p><\/div><\/div><\/div><\/div><div class=\"wpb_column vc_column_container vc_col-sm-3\"><div class=\"vc_column-inner\"><div class=\"wpb_wrapper\"><div class='dt-sc-contact-info type2'><span class='fa fa-clock-o'> <\/span><h6>Orari<\/h6>H\u00ebn\u00eb \u2013 Shtun\u00eb : 8.00am to 5.00pm<\/div><\/div><\/div><\/div><\/div><\/div><\/div><\/div><\/div><div class=\"vc_row-full-width vc_clearfix\"><\/div><div data-vc-full-width=\"true\" data-vc-full-width-init=\"false\" data-vc-stretch-content=\"true\" class=\"vc_row wpb_row vc_row-fluid vc_custom_1475063801316 vc_row-no-padding\"><div class=\"wpb_column vc_column_container vc_col-sm-12\"><div class=\"vc_column-inner vc_custom_1475063682777\"><div class=\"wpb_wrapper\"><div class=\"wpb_gmaps_widget wpb_content_element\"><div class=\"wpb_wrapper\"><div class=\"wpb_map_wraper\"><iframe data-src=\"https:\/\/www.google.com\/maps\/embed?pb=!1m18!1m12!1m3!1d2996.038010779904!2d19.823669014742244!3d41.32978680752817!2m3!1f0!2f0!3f0!3m2!1i1024!2i768!4f13.1!3m3!1m2!1s0x13503116c0c26523%3A0xf0cebfebf8fa7faf!2spallati%20VJERO!5e0!3m2!1sen!2s!4v1633703405399!5m2!1sen!2s\" width=\"600\" height=\"450\" style=\"border:0;\" allowfullscreen=\"\" src=\"data:image\/svg+xml;base64,PHN2ZyB3aWR0aD0iMSIgaGVpZ2h0PSIxIiB4bWxucz0iaHR0cDovL3d3dy53My5vcmcvMjAwMC9zdmciPjwvc3ZnPg==\" class=\"lazyload\" data-load-mode=\"1\"><\/iframe><\/div><\/div><\/div><\/div><\/div><\/div><\/div><div class=\"vc_row-full-width vc_clearfix\"><\/div><div data-vc-full-width=\"true\" data-vc-full-width-init=\"false\" class=\"vc_row wpb_row vc_row-fluid about-section3 vc_custom_1633703617319\"><div class=\"wpb_column vc_column_container vc_col-sm-12\"><div class=\"vc_column-inner\"><div class=\"wpb_wrapper\"><h2 style=\"text-align: center\" class=\"vc_custom_heading dt-color-sec vc_custom_1633703963994\" >Merrni konsulenc\u00eb falas p\u00ebr projektin tuaj<\/h2>\r\n\t<div class=\"wpb_text_column wpb_content_element  para-txt color-white\"  >\r\n\t\t<div class=\"wpb_wrapper\">\r\n\t\t\t<p style=\"text-align: center;\">Ne mund t'ju shoq\u00ebrojm\u00eb gjat\u00eb hapave nj\u00eb alternative t\u00eb re p\u00ebr biznesin tuaj.<\/p>\n\r\n\t\t<\/div>\r\n\t<\/div>\r\n<div class=\"vc_row wpb_row vc_inner vc_row-fluid aligncenter\"><div class=\"wpb_column vc_column_container vc_col-sm-12\"><div class=\"vc_column-inner\"><div class=\"wpb_wrapper\"><a href='#' target='_self' title='' class='dt-sc-button   medium icon-right with-icon  fully-rounded-border  light-bg' >JEMI T\u00cb HAPUR P\u00cbR CDO PYETJE <span class='fa fa-envelope'> <\/span><\/a><\/div><\/div><\/div><\/div><\/div><\/div><\/div><\/div><div class=\"vc_row-full-width vc_clearfix\"><\/div><!-- Row Backgrounds --><div class=\"upb_bg_img\" data-ultimate-bg=\"url(https:\/\/i0.wp.com\/gesalbania.com\/wp-content\/uploads\/2021\/10\/pexels-dimitri-c-7102661-scaled.jpg?fit=2560%2C1707&#038;ssl=1)\" data-image-id=\"id^7031|url^https:\/\/gesalbania.com\/wp-content\/uploads\/2021\/10\/pexels-dimitri-c-7102661-scaled.jpg|caption^null|alt^null|title^pexels-dimitri-c-7102661|description^null\" data-ultimate-bg-style=\"vcpb-vz-jquery\" data-bg-img-repeat=\"repeat\" data-bg-img-size=\"cover\" data-bg-img-position=\"\" data-parallx_sense=\"30\" data-bg-override=\"0\" data-bg_img_attach=\"scroll\" data-upb-overlay-color=\"rgba(0,0,0,0.8)\" data-upb-bg-animation=\"\" data-fadeout=\"\" data-bg-animation=\"left-animation\" data-bg-animation-type=\"h\" data-animation-repeat=\"repeat\" data-fadeout-percentage=\"30\" data-parallax-content=\"\" data-parallax-content-sense=\"30\" data-row-effect-mobile-disable=\"true\" data-img-parallax-mobile-disable=\"true\" data-rtl=\"false\"  data-custom-vc-row=\"\"  data-vc=\"6.7.0\"  data-is_old_vc=\"\"  data-theme-support=\"\"   data-overlay=\"true\" data-overlay-color=\"rgba(0,0,0,0.8)\" data-overlay-pattern=\"\" data-overlay-pattern-opacity=\"0.8\" data-overlay-pattern-size=\"\" data-overlay-pattern-attachment=\"scroll\"    ><\/div><div class=\"vc_row wpb_row vc_row-fluid contact-section3 vc_custom_1475063942944\"><div class=\"wpb_column vc_column_container vc_col-sm-4\"><div class=\"vc_column-inner\"><div class=\"wpb_wrapper\"><h2 style=\"font-size: 36px;text-align: left\" class=\"vc_custom_heading\" >Formulari<\/h2>\r\n\t<div class=\"wpb_text_column wpb_content_element\"  >\r\n\t\t<div class=\"wpb_wrapper\">\r\n\t\t\t<p>Po, jam i interesuar t\u00eb shkoj p\u00ebr nj\u00eb sistem energjie diellore p\u00ebr ambientet e mia t\u00eb banimit ose zyr\u00ebs. Do t\u00eb doja t\u00eb dija m\u00eb shum\u00eb p\u00ebr \u00e7mimet dhe specifikimet e tjera.<\/p>\n\r\n\t\t<\/div>\r\n\t<\/div>\r\n<\/div><\/div><\/div><div class=\"wpb_column vc_column_container vc_col-sm-8\"><div class=\"vc_column-inner\"><div class=\"wpb_wrapper\">\n<div class=\"wpcf7 no-js\" id=\"wpcf7-f617-o1\" lang=\"en-US\" dir=\"ltr\" data-wpcf7-id=\"617\">\n<div class=\"screen-reader-response\"><p role=\"status\" aria-live=\"polite\" aria-atomic=\"true\"><\/p> <ul><\/ul><\/div>\n<form action=\"\/sq\/wp-json\/wp\/v2\/pages\/11#wpcf7-f617-o1\" method=\"post\" class=\"wpcf7-form init dt-contact-frm\" aria-label=\"Contact form\" novalidate=\"novalidate\" data-status=\"init\" data-trp-original-action=\"\/sq\/wp-json\/wp\/v2\/pages\/11#wpcf7-f617-o1\">\n<fieldset class=\"hidden-fields-container\"><input type=\"hidden\" name=\"_wpcf7\" value=\"617\" \/><input type=\"hidden\" name=\"_wpcf7_version\" value=\"6.1.5\" \/><input type=\"hidden\" name=\"_wpcf7_locale\" value=\"en_US\" \/><input type=\"hidden\" name=\"_wpcf7_unit_tag\" value=\"wpcf7-f617-o1\" \/><input type=\"hidden\" name=\"_wpcf7_container_post\" value=\"0\" \/><input type=\"hidden\" name=\"_wpcf7_posted_data_hash\" value=\"\" \/>\n<\/fieldset>\n<p><span class=\"wpcf7-form-control-wrap\" data-name=\"text-414\"><input size=\"40\" maxlength=\"400\" class=\"wpcf7-form-control wpcf7-text\" aria-invalid=\"false\" placeholder=\"Emri\" value=\"\" type=\"text\" name=\"text-414\" \/><\/span>\n<\/p>\n<p><span class=\"wpcf7-form-control-wrap\" data-name=\"email-414\"><input size=\"40\" maxlength=\"400\" class=\"wpcf7-form-control wpcf7-text\" aria-invalid=\"false\" placeholder=\"E-mail\" value=\"\" type=\"text\" name=\"email-414\" \/><\/span>\n<\/p>\n<p><span class=\"wpcf7-form-control-wrap\" data-name=\"textarea-698\"><textarea cols=\"40\" rows=\"10\" maxlength=\"2000\" class=\"wpcf7-form-control wpcf7-textarea\" aria-invalid=\"false\" placeholder=\"Mesazh\" name=\"textarea-698\"><\/textarea><\/span>\n<\/p>\n<p><input class=\"wpcf7-form-control wpcf7-submit has-spinner\" type=\"submit\" value=\"Send\" \/>\n<\/p><div class=\"wpcf7-response-output\" aria-hidden=\"true\"><\/div>\n<input type=\"hidden\" name=\"trp-form-language\" value=\"sq\"\/><\/form>\n<\/div>\n<\/div><\/div><\/div><\/div><div class=\"vc_row wpb_row vc_row-fluid vc_custom_1475066875955\"><div class=\"wpb_column vc_column_container vc_col-sm-12\"><div class=\"vc_column-inner\"><div class=\"wpb_wrapper\"><div class=\"dt-sc-partners-carousel-wrapper\" data-scroll=\"1\" data-visible=\"5\"><ul class='dt-sc-partners-carousel'><li><img decoding=\"async\" width=\"400\" height=\"200\" data-src=\"https:\/\/i0.wp.com\/gesalbania.com\/wp-content\/uploads\/2021\/10\/canadian-solar-logo-400x200-1.png?fit=400%2C200&amp;ssl=1\" class=\"attachment-full lazyload\" alt=\"\" data-srcset=\"https:\/\/i0.wp.com\/gesalbania.com\/wp-content\/uploads\/2021\/10\/canadian-solar-logo-400x200-1.png?w=400&amp;ssl=1 400w, https:\/\/i0.wp.com\/gesalbania.com\/wp-content\/uploads\/2021\/10\/canadian-solar-logo-400x200-1.png?resize=300%2C150&amp;ssl=1 300w, https:\/\/i0.wp.com\/gesalbania.com\/wp-content\/uploads\/2021\/10\/canadian-solar-logo-400x200-1.png?resize=18%2C9&amp;ssl=1 18w\" data-sizes=\"(max-width: 400px) 100vw, 400px\" src=\"data:image\/svg+xml;base64,PHN2ZyB3aWR0aD0iMSIgaGVpZ2h0PSIxIiB4bWxucz0iaHR0cDovL3d3dy53My5vcmcvMjAwMC9zdmciPjwvc3ZnPg==\" style=\"--smush-placeholder-width: 400px; --smush-placeholder-aspect-ratio: 400\/200;\" \/><\/li><li><img decoding=\"async\" width=\"150\" height=\"150\" data-src=\"https:\/\/i0.wp.com\/gesalbania.com\/wp-content\/uploads\/2021\/10\/Webp.net-resizeimage-4.png?fit=150%2C150&amp;ssl=1\" class=\"attachment-full lazyload\" alt=\"\" data-srcset=\"https:\/\/i0.wp.com\/gesalbania.com\/wp-content\/uploads\/2021\/10\/Webp.net-resizeimage-4.png?w=150&amp;ssl=1 150w, https:\/\/i0.wp.com\/gesalbania.com\/wp-content\/uploads\/2021\/10\/Webp.net-resizeimage-4.png?resize=100%2C100&amp;ssl=1 100w, https:\/\/i0.wp.com\/gesalbania.com\/wp-content\/uploads\/2021\/10\/Webp.net-resizeimage-4.png?resize=12%2C12&amp;ssl=1 12w\" data-sizes=\"(max-width: 150px) 100vw, 150px\" src=\"data:image\/svg+xml;base64,PHN2ZyB3aWR0aD0iMSIgaGVpZ2h0PSIxIiB4bWxucz0iaHR0cDovL3d3dy53My5vcmcvMjAwMC9zdmciPjwvc3ZnPg==\" style=\"--smush-placeholder-width: 150px; --smush-placeholder-aspect-ratio: 150\/150;\" \/><\/li><li><img decoding=\"async\" width=\"1200\" height=\"460\" data-src=\"https:\/\/i0.wp.com\/gesalbania.com\/wp-content\/uploads\/2021\/10\/1200px-Renewable_Energy_Corporation.svg-1-1.png?fit=1200%2C460&amp;ssl=1\" class=\"attachment-full lazyload\" alt=\"\" data-srcset=\"https:\/\/i0.wp.com\/gesalbania.com\/wp-content\/uploads\/2021\/10\/1200px-Renewable_Energy_Corporation.svg-1-1.png?w=1200&amp;ssl=1 1200w, https:\/\/i0.wp.com\/gesalbania.com\/wp-content\/uploads\/2021\/10\/1200px-Renewable_Energy_Corporation.svg-1-1.png?resize=600%2C230&amp;ssl=1 600w, https:\/\/i0.wp.com\/gesalbania.com\/wp-content\/uploads\/2021\/10\/1200px-Renewable_Energy_Corporation.svg-1-1.png?resize=300%2C115&amp;ssl=1 300w, https:\/\/i0.wp.com\/gesalbania.com\/wp-content\/uploads\/2021\/10\/1200px-Renewable_Energy_Corporation.svg-1-1.png?resize=1024%2C393&amp;ssl=1 1024w, https:\/\/i0.wp.com\/gesalbania.com\/wp-content\/uploads\/2021\/10\/1200px-Renewable_Energy_Corporation.svg-1-1.png?resize=768%2C294&amp;ssl=1 768w, https:\/\/i0.wp.com\/gesalbania.com\/wp-content\/uploads\/2021\/10\/1200px-Renewable_Energy_Corporation.svg-1-1.png?resize=18%2C7&amp;ssl=1 18w\" data-sizes=\"(max-width: 1200px) 100vw, 1200px\" src=\"data:image\/svg+xml;base64,PHN2ZyB3aWR0aD0iMSIgaGVpZ2h0PSIxIiB4bWxucz0iaHR0cDovL3d3dy53My5vcmcvMjAwMC9zdmciPjwvc3ZnPg==\" style=\"--smush-placeholder-width: 1200px; --smush-placeholder-aspect-ratio: 1200\/460;\" \/><\/li><li><img decoding=\"async\" width=\"300\" height=\"231\" data-src=\"https:\/\/i0.wp.com\/gesalbania.com\/wp-content\/uploads\/2021\/10\/Webp.net-resizeimage-1.png?fit=300%2C231&amp;ssl=1\" class=\"attachment-full lazyload\" alt=\"\" data-srcset=\"https:\/\/i0.wp.com\/gesalbania.com\/wp-content\/uploads\/2021\/10\/Webp.net-resizeimage-1.png?w=300&amp;ssl=1 300w, https:\/\/i0.wp.com\/gesalbania.com\/wp-content\/uploads\/2021\/10\/Webp.net-resizeimage-1.png?resize=16%2C12&amp;ssl=1 16w\" data-sizes=\"(max-width: 300px) 100vw, 300px\" src=\"data:image\/svg+xml;base64,PHN2ZyB3aWR0aD0iMSIgaGVpZ2h0PSIxIiB4bWxucz0iaHR0cDovL3d3dy53My5vcmcvMjAwMC9zdmciPjwvc3ZnPg==\" style=\"--smush-placeholder-width: 300px; --smush-placeholder-aspect-ratio: 300\/231;\" \/><\/li><li><img decoding=\"async\" width=\"300\" height=\"197\" data-src=\"https:\/\/i0.wp.com\/gesalbania.com\/wp-content\/uploads\/2021\/10\/Webp.net-resizeimage.png?fit=300%2C197&amp;ssl=1\" class=\"attachment-full lazyload\" alt=\"\" data-srcset=\"https:\/\/i0.wp.com\/gesalbania.com\/wp-content\/uploads\/2021\/10\/Webp.net-resizeimage.png?w=300&amp;ssl=1 300w, https:\/\/i0.wp.com\/gesalbania.com\/wp-content\/uploads\/2021\/10\/Webp.net-resizeimage.png?resize=18%2C12&amp;ssl=1 18w\" data-sizes=\"(max-width: 300px) 100vw, 300px\" src=\"data:image\/svg+xml;base64,PHN2ZyB3aWR0aD0iMSIgaGVpZ2h0PSIxIiB4bWxucz0iaHR0cDovL3d3dy53My5vcmcvMjAwMC9zdmciPjwvc3ZnPg==\" style=\"--smush-placeholder-width: 300px; --smush-placeholder-aspect-ratio: 300\/197;\" \/><\/li><li><img decoding=\"async\" width=\"300\" height=\"200\" data-src=\"https:\/\/i0.wp.com\/gesalbania.com\/wp-content\/uploads\/2021\/10\/solar-edge.png?fit=300%2C200&amp;ssl=1\" class=\"attachment-full lazyload\" alt=\"\" data-srcset=\"https:\/\/i0.wp.com\/gesalbania.com\/wp-content\/uploads\/2021\/10\/solar-edge.png?w=300&amp;ssl=1 300w, https:\/\/i0.wp.com\/gesalbania.com\/wp-content\/uploads\/2021\/10\/solar-edge.png?resize=18%2C12&amp;ssl=1 18w\" data-sizes=\"(max-width: 300px) 100vw, 300px\" src=\"data:image\/svg+xml;base64,PHN2ZyB3aWR0aD0iMSIgaGVpZ2h0PSIxIiB4bWxucz0iaHR0cDovL3d3dy53My5vcmcvMjAwMC9zdmciPjwvc3ZnPg==\" style=\"--smush-placeholder-width: 300px; --smush-placeholder-aspect-ratio: 300\/200;\" \/><\/li><\/ul><div class=\"carousel-arrows\"><a href=\"\" class=\"partners-prev\"> <\/a><a href=\"\" class=\"partners-next\"> <\/a><\/div><\/div><\/div><\/div><\/div><\/div>","protected":false},"excerpt":{"rendered":"<p>Contact us for any queries AddressRruga Hoxha Tahsin, Pallati Vjero, Shkalla C Get in touchinfo@gesalbania.com Phone+355 67 60 11 128 TimeMon \u2013 Sat : 8.00am to 5.00pmGet free consultancy about your project We can walk you through the steps of a new alternative for your business. ASK US A QUESTIONS Enquiry Form Yes, I am [&hellip;]<\/p>\n","protected":false},"author":1,"featured_media":0,"parent":0,"menu_order":0,"comment_status":"closed","ping_status":"closed","template":"","meta":{"om_disable_all_campaigns":false,"footnotes":""},"class_list":["post-11","page","type-page","status-publish","hentry"],"jetpack_sharing_enabled":true,"_links":{"self":[{"href":"https:\/\/gesalbania.com\/sq\/wp-json\/wp\/v2\/pages\/11","targetHints":{"allow":["GET"]}}],"collection":[{"href":"https:\/\/gesalbania.com\/sq\/wp-json\/wp\/v2\/pages"}],"about":[{"href":"https:\/\/gesalbania.com\/sq\/wp-json\/wp\/v2\/types\/page"}],"author":[{"embeddable":true,"href":"https:\/\/gesalbania.com\/sq\/wp-json\/wp\/v2\/users\/1"}],"replies":[{"embeddable":true,"href":"https:\/\/gesalbania.com\/sq\/wp-json\/wp\/v2\/comments?post=11"}],"version-history":[{"count":11,"href":"https:\/\/gesalbania.com\/sq\/wp-json\/wp\/v2\/pages\/11\/revisions"}],"predecessor-version":[{"id":7246,"href":"https:\/\/gesalbania.com\/sq\/wp-json\/wp\/v2\/pages\/11\/revisions\/7246"}],"wp:attachment":[{"href":"https:\/\/gesalbania.com\/sq\/wp-json\/wp\/v2\/media?parent=11"}],"curies":[{"name":"wp","href":"https:\/\/api.w.org\/{rel}","templated":true}]}}